{"id":447,"date":"2020-10-24T16:28:43","date_gmt":"2020-10-24T13:28:43","guid":{"rendered":"https:\/\/www.ocogroup.com.tr\/?page_id=447"},"modified":"2020-10-24T16:46:42","modified_gmt":"2020-10-24T13:46:42","slug":"oco-medikal","status":"publish","type":"page","link":"https:\/\/www.ocogroup.com.tr\/fr\/oco-medikal\/","title":{"rendered":"OCO M\u00e9dical"},"content":{"rendered":"<div class=\"wpb-content-wrapper\"><p>[vc_row icon_type=&#8221;porto&#8221; icon=&#8221;&#8221; icon_img=&#8221;&#8221; img_width=&#8221;48&#8243; icon_size=&#8221;22&#8243; icon_color=&#8221;#39c12c&#8221; icon_style=&#8221;none&#8221; icon_color_bg=&#8221;#ffffff&#8221; icon_border_style=&#8221;&#8221; icon_color_border=&#8221;#333333&#8243; icon_border_size=&#8221;1&#8243; icon_border_radius=&#8221;500&#8243; icon_border_spacing=&#8221;50&#8243; title=&#8221;&#8221; subtitle=&#8221;Petrol \u00fcretim tesisleri&#8221; read_more=&#8221;none&#8221; link=&#8221;&#8221; read_text=&#8221;Read More&#8221; hover_effect=&#8221;style_1&#8243; pos=&#8221;default&#8221; heading_tag=&#8221;h3&#8243; title_use_theme_fonts=&#8221;yes&#8221; title_font_style=&#8221;&#8221; subtitle_text_typography=&#8221;&#8221; subtitle_font_style=&#8221;600&#8243; desc_use_theme_fonts=&#8221;yes&#8221; desc_font_style=&#8221;&#8221; icon_porto=&#8221;porto-icon-ok&#8221; subtitle_font_size=&#8221;20&#8243; icon_simpleline=&#8221;&#8221; title_text_typography=&#8221;&#8221; title_google_font=&#8221;&#8221; title_font_size=&#8221;&#8221; title_font_line_height=&#8221;&#8221; title_font_letter_spacing=&#8221;&#8221; title_font_color=&#8221;&#8221; subtitle_font_line_height=&#8221;&#8221; subtitle_font_letter_spacing=&#8221;&#8221; subtitle_font_color=&#8221;&#8221; desc_text_typography=&#8221;&#8221; desc_google_font=&#8221;&#8221; desc_font_size=&#8221;&#8221; desc_font_line_height=&#8221;&#8221; desc_font_letter_spacing=&#8221;&#8221; desc_font_color=&#8221;&#8221; css_info_box=&#8221;&#8221;][vc_column width=&#8221;1\/4&#8243;]<div class=\"porto-sicon-box style_1 default-icon\"><div class=\"porto-sicon-default\"><div id=\"porto-icon-159516514169f8e40d240b8\" class=\"porto-just-icon-wrapper\" style=\"text-align:center;\">\n<div class=\"porto-icon none \"  style=\"color:#39c12c;font-size:22px;display:inline-block;\">\n\t<i class=\"porto-icon-ok\"><\/i>\n<\/div><\/div><\/div><div class=\"porto-sicon-header\" ><p style=\"font-weight:600;font-size:20px;\">Production de v\u00e9hicules fun\u00e9raires<\/p><\/div> <!-- header --><\/div> <!-- porto-sicon-box --><div class=\"porto-sicon-box style_1 default-icon\"><div class=\"porto-sicon-default\"><div id=\"porto-icon-5309775069f8e40d24505\" class=\"porto-just-icon-wrapper\" style=\"text-align:center;\">\n<div class=\"porto-icon none \"  style=\"color:#39c12c;font-size:22px;display:inline-block;\">\n\t<i class=\"porto-icon-ok\"><\/i>\n<\/div><\/div><\/div><div class=\"porto-sicon-header\" ><p style=\"font-weight:600;font-size:20px;\">Production d'unit\u00e9s de morgue<\/p><\/div> <!-- header --><\/div> <!-- porto-sicon-box -->[\/vc_column][vc_column width=&#8221;1\/4&#8243;]<div class=\"porto-sicon-box style_1 default-icon\"><div class=\"porto-sicon-default\"><div id=\"porto-icon-121729408269f8e40d24953\" class=\"porto-just-icon-wrapper\" style=\"text-align:center;\">\n<div class=\"porto-icon none \"  style=\"color:#39c12c;font-size:22px;display:inline-block;\">\n\t<i class=\"porto-icon-ok\"><\/i>\n<\/div><\/div><\/div><div class=\"porto-sicon-header\" ><p style=\"font-weight:600;font-size:20px;\">Conception clinique<\/p><\/div> <!-- header --><\/div> <!-- porto-sicon-box --><div class=\"porto-sicon-box style_1 default-icon\"><div class=\"porto-sicon-default\"><div id=\"porto-icon-87780301369f8e40d24da5\" class=\"porto-just-icon-wrapper\" style=\"text-align:center;\">\n<div class=\"porto-icon none \"  style=\"color:#39c12c;font-size:22px;display:inline-block;\">\n\t<i class=\"porto-icon-ok\"><\/i>\n<\/div><\/div><\/div><div class=\"porto-sicon-header\" ><p style=\"font-weight:600;font-size:20px;\">Fourniture d'\u00e9quipements de sant\u00e9<\/p><\/div> <!-- header --><\/div> <!-- porto-sicon-box -->[\/vc_column][vc_column width=&#8221;1\/4&#8243;]<div class=\"porto-sicon-box style_1 default-icon\"><div class=\"porto-sicon-default\"><div id=\"porto-icon-28037365569f8e40d2520c\" class=\"porto-just-icon-wrapper\" style=\"text-align:center;\">\n<div class=\"porto-icon none \"  style=\"color:#39c12c;font-size:22px;display:inline-block;\">\n\t<i class=\"porto-icon-ok\"><\/i>\n<\/div><\/div><\/div><div class=\"porto-sicon-header\" ><p style=\"font-weight:600;font-size:20px;\">Installation hospitali\u00e8re mobile<\/p><\/div> <!-- header --><\/div> <!-- porto-sicon-box --><div class=\"porto-sicon-box style_1 default-icon\"><div class=\"porto-sicon-default\"><div id=\"porto-icon-70742120969f8e40d25646\" class=\"porto-just-icon-wrapper\" style=\"text-align:center;\">\n<div class=\"porto-icon none \"  style=\"color:#39c12c;font-size:22px;display:inline-block;\">\n\t<i class=\"porto-icon-ok\"><\/i>\n<\/div><\/div><\/div><div class=\"porto-sicon-header\" ><p style=\"font-weight:600;font-size:20px;\">Unit\u00e9s d'autopsie et de lavage fun\u00e9raire<\/p><\/div> <!-- header --><\/div> <!-- porto-sicon-box -->[\/vc_column][vc_column width=&#8221;1\/4&#8243;]<div class=\"porto-sicon-box style_1 default-icon\"><div class=\"porto-sicon-default\"><div id=\"porto-icon-31833327369f8e40d25ba5\" class=\"porto-just-icon-wrapper\" style=\"text-align:center;\">\n<div class=\"porto-icon none \"  style=\"color:#39c12c;font-size:22px;display:inline-block;\">\n\t<i class=\"porto-icon-ok\"><\/i>\n<\/div><\/div><\/div><div class=\"porto-sicon-header\" ><p style=\"font-weight:600;font-size:20px;\">Configuration d'h\u00f4pital et de clinique<\/p><\/div> <!-- header --><\/div> <!-- porto-sicon-box -->[\/vc_column][\/vc_row][vc_row][vc_column][vc_column_text]OCO Group A.\u015e., en activit\u00e9 depuis 2016; Elle fait partie des entreprises leaders incontest\u00e9es de son secteur, avec des clients dans 35 pays diff\u00e9rents du monde. OCO Group A.\u015e., qui a une dur\u00e9e de vie de plus de 24 ans; il a \u00e9galement plus de cinq ans d&#8217;exp\u00e9rience \u00e0 l&#8217;exportation.<\/p>\n<p>OCO Group A.\u015e; Il jouit d&#8217;une popularit\u00e9 consid\u00e9rable en particulier sur le continent africain, qui est l&#8217;un des march\u00e9s les plus importants au monde. Alliant les processus d&#8217;approvisionnement, de service et de fabrication \u00e0 la satisfaction du client, OCO Group A.\u015e. prend en compte les souhaits de l&#8217;utilisateur lors de la cr\u00e9ation des syst\u00e8mes. Plans et projets; On essaie de r\u00e9pondre au mieux aux demandes du client en le faisant dans le cadre d&#8217;un raisonnement commun.<\/p>\n<p><strong>Que promet OCO Medical?<\/strong><br \/>\nOCO Group A.\u015e, fournissant des services \u00e0 de nombreux pays du monde; offre des services de tr\u00e8s haute qualit\u00e9 dans le domaine m\u00e9dical. Vous pouvez b\u00e9n\u00e9ficier du service d&#8217;OCO Group A.\u015e. en toute tranquillit\u00e9 d&#8217;esprit dans des domaines tels que la production de v\u00e9hicules de transport et de lavage fun\u00e9raires, de salles d&#8217;autopsie et de morgue, de mobilier hospitalier, de conception de cliniques et de fourniture de mat\u00e9riel.<br \/>\nOCO Medical; contribue \u00e0 fa\u00e7onner les espaces de sant\u00e9 en fonction de vos souhaits. De cette mani\u00e8re, nous contribuons \u00e0 l&#8217;industrie de la sant\u00e9 moderne. Depuis 2020, OCO Group a r\u00e9alis\u00e9 10 h\u00f4pitaux dentaires cliniques au Mali et 8 h\u00f4pitaux morgues au Burkina Faso. Leur approvisionnement en consommables; Bien qu&#8217;il soit fabriqu\u00e9 par OCO Foreign Trade, sa conception architecturale et sa r\u00e9novation sont effectu\u00e9es par OCO Medical.<\/p>\n<p>OCO Medical; Dans le processus allant de la premi\u00e8re \u00e9tape du projet au dernier point, en tenant compte des exigences de base, la vision future du projet, l&#8217;\u00e9conomie de l&#8217;investissement, visent \u00e0 cr\u00e9er un centre d&#8217;attraction, les relations locales et internationales, la durabilit\u00e9 et les obligations l\u00e9gales tentent de faire ressortir le meilleur travail.<\/p>\n<p><strong>Pourquoi OCO Medical?<\/strong><br \/>\nOCO Medical; les h\u00f4pitaux et les zones qualifi\u00e9s signifient bien plus. OCO Medical; Tous ses produits sont fabriqu\u00e9s et con\u00e7us par sa propre \u00e9quipe et l&#8217;un des objectifs importants des \u00e9tablissements de sant\u00e9 modernes est d&#8217;\u00eatre plus avanc\u00e9 sur le plan technologique.<br \/>\nEn cons\u00e9quence, OCO Group A.\u015e., d\u00e9termin\u00e9 \u00e0 faire conna\u00eetre son nom dans le monde entier; Il fournit le meilleur service de l&#8217;industrie m\u00e9dicale.[\/vc_column_text][\/vc_column][\/vc_row]<\/p>\n<\/div>","protected":false},"excerpt":{"rendered":"<p>[vc_row icon_type=&#8221;porto&#8221; icon=&#8221;&#8221; icon_img=&#8221;&#8221; img_width=&#8221;48&#8243; icon_size=&#8221;22&#8243; icon_color=&#8221;#39c12c&#8221; icon_style=&#8221;none&#8221; icon_color_bg=&#8221;#ffffff&#8221; icon_border_style=&#8221;&#8221; icon_color_border=&#8221;#333333&#8243; icon_border_size=&#8221;1&#8243; icon_border_radius=&#8221;500&#8243; icon_border_spacing=&#8221;50&#8243; title=&#8221;&#8221; subtitle=&#8221;Petrol \u00fcretim tesisleri&#8221; read_more=&#8221;none&#8221; link=&#8221;&#8221; read_text=&#8221;Read More&#8221; hover_effect=&#8221;style_1&#8243; pos=&#8221;default&#8221; heading_tag=&#8221;h3&#8243; title_use_theme_fonts=&#8221;yes&#8221; title_font_style=&#8221;&#8221; subtitle_text_typography=&#8221;&#8221; subtitle_font_style=&#8221;600&#8243; desc_use_theme_fonts=&#8221;yes&#8221; desc_font_style=&#8221;&#8221; icon_porto=&#8221;porto-icon-ok&#8221; subtitle_font_size=&#8221;20&#8243; icon_simpleline=&#8221;&#8221; title_text_typography=&#8221;&#8221; title_google_font=&#8221;&#8221; title_font_size=&#8221;&#8221; title_font_line_height=&#8221;&#8221; title_font_letter_spacing=&#8221;&#8221; title_font_color=&#8221;&#8221; subtitle_font_line_height=&#8221;&#8221; subtitle_font_letter_spacing=&#8221;&#8221; subtitle_font_color=&#8221;&#8221; desc_text_typography=&#8221;&#8221; desc_google_font=&#8221;&#8221; desc_font_size=&#8221;&#8221; desc_font_line_height=&#8221;&#8221; desc_font_letter_spacing=&#8221;&#8221; desc_font_color=&#8221;&#8221; css_info_box=&#8221;&#8221;][vc_column width=&#8221;1\/4&#8243;][\/vc_column][vc_column width=&#8221;1\/4&#8243;][\/vc_column][vc_column width=&#8221;1\/4&#8243;][\/vc_column][vc_column width=&#8221;1\/4&#8243;][\/vc_column][\/vc_row][vc_row][vc_column][vc_column_text]OCO Group [&hellip;]<\/p>\n","protected":false},"author":1,"featured_media":0,"parent":0,"menu_order":0,"comment_status":"closed","ping_status":"closed","template":"","meta":{"footnotes":""},"aioseo_notices":[],"_links":{"self":[{"href":"https:\/\/www.ocogroup.com.tr\/fr\/wp-json\/wp\/v2\/pages\/447"}],"collection":[{"href":"https:\/\/www.ocogroup.com.tr\/fr\/wp-json\/wp\/v2\/pages"}],"about":[{"href":"https:\/\/www.ocogroup.com.tr\/fr\/wp-json\/wp\/v2\/types\/page"}],"author":[{"embeddable":true,"href":"https:\/\/www.ocogroup.com.tr\/fr\/wp-json\/wp\/v2\/users\/1"}],"replies":[{"embeddable":true,"href":"https:\/\/www.ocogroup.com.tr\/fr\/wp-json\/wp\/v2\/comments?post=447"}],"version-history":[{"count":9,"href":"https:\/\/www.ocogroup.com.tr\/fr\/wp-json\/wp\/v2\/pages\/447\/revisions"}],"predecessor-version":[{"id":456,"href":"https:\/\/www.ocogroup.com.tr\/fr\/wp-json\/wp\/v2\/pages\/447\/revisions\/456"}],"wp:attachment":[{"href":"https:\/\/www.ocogroup.com.tr\/fr\/wp-json\/wp\/v2\/media?parent=447"}],"curies":[{"name":"wp","href":"https:\/\/api.w.org\/{rel}","templated":true}]}}