{"id":174,"date":"2020-02-24T16:12:15","date_gmt":"2020-02-24T13:12:15","guid":{"rendered":"https:\/\/www.ocogroup.com.tr\/?page_id=174"},"modified":"2020-03-05T11:48:56","modified_gmt":"2020-03-05T08:48:56","slug":"tech","status":"publish","type":"page","link":"https:\/\/www.ocogroup.com.tr\/fr\/tech\/","title":{"rendered":"OCO Tech"},"content":{"rendered":"<div class=\"wpb-content-wrapper\"><p>[vc_row][vc_column width=&#8221;1\/4&#8243;]<div class=\"porto-sicon-box style_1 default-icon\"><div class=\"porto-sicon-default\"><div id=\"porto-icon-37860501969f4a3d6cd97f\" class=\"porto-just-icon-wrapper\" style=\"text-align:center;\">\n<div class=\"porto-icon none \"  style=\"color:#39c12c;font-size:22px;display:inline-block;\">\n\t<i class=\"porto-icon-ok\"><\/i>\n<\/div><\/div><\/div><div class=\"porto-sicon-header\" ><p style=\"font-weight:600;font-size:20px;\">Configuration d'usine<\/p><\/div> <!-- header --><\/div> <!-- porto-sicon-box --><div class=\"porto-sicon-box style_1 default-icon\"><div class=\"porto-sicon-default\"><div id=\"porto-icon-166880742769f4a3d6ce0db\" class=\"porto-just-icon-wrapper\" style=\"text-align:center;\">\n<div class=\"porto-icon none \"  style=\"color:#39c12c;font-size:22px;display:inline-block;\">\n\t<i class=\"porto-icon-ok\"><\/i>\n<\/div><\/div><\/div><div class=\"porto-sicon-header\" ><p style=\"font-weight:600;font-size:20px;\">Fabrication de machines<\/p><\/div> <!-- header --><\/div> <!-- porto-sicon-box --><div class=\"porto-sicon-box style_1 default-icon\"><div class=\"porto-sicon-default\"><div id=\"porto-icon-6362330569f4a3d6ce824\" class=\"porto-just-icon-wrapper\" style=\"text-align:center;\">\n<div class=\"porto-icon none \"  style=\"color:#39c12c;font-size:22px;display:inline-block;\">\n\t<i class=\"porto-icon-ok\"><\/i>\n<\/div><\/div><\/div><div class=\"porto-sicon-header\" ><p style=\"font-weight:600;font-size:20px;\">Pi\u00e8ces d\u00e9tach\u00e9es automobiles<\/p><\/div> <!-- header --><\/div> <!-- porto-sicon-box -->[\/vc_column][vc_column width=&#8221;1\/4&#8243;]<div class=\"porto-sicon-box style_1 default-icon\"><div class=\"porto-sicon-default\"><div id=\"porto-icon-157098372369f4a3d6cef7d\" class=\"porto-just-icon-wrapper\" style=\"text-align:center;\">\n<div class=\"porto-icon none \"  style=\"color:#39c12c;font-size:22px;display:inline-block;\">\n\t<i class=\"porto-icon-ok\"><\/i>\n<\/div><\/div><\/div><div class=\"porto-sicon-header\" ><p style=\"font-weight:600;font-size:20px;\">Usines de transformation des aliments<\/p><\/div> <!-- header --><\/div> <!-- porto-sicon-box --><div class=\"porto-sicon-box style_1 default-icon\"><div class=\"porto-sicon-default\"><div id=\"porto-icon-89484432469f4a3d6cf6ed\" class=\"porto-just-icon-wrapper\" style=\"text-align:center;\">\n<div class=\"porto-icon none \"  style=\"color:#39c12c;font-size:22px;display:inline-block;\">\n\t<i class=\"porto-icon-ok\"><\/i>\n<\/div><\/div><\/div><div class=\"porto-sicon-header\" ><p style=\"font-weight:600;font-size:20px;\">Installations de production de p\u00e9trole<\/p><\/div> <!-- header --><\/div> <!-- porto-sicon-box --><div class=\"porto-sicon-box style_1 default-icon\"><div class=\"porto-sicon-default\"><div id=\"porto-icon-117494305569f4a3d6dc69d\" class=\"porto-just-icon-wrapper\" style=\"text-align:center;\">\n<div class=\"porto-icon none \"  style=\"color:#39c12c;font-size:22px;display:inline-block;\">\n\t<i class=\"porto-icon-ok\"><\/i>\n<\/div><\/div><\/div><div class=\"porto-sicon-header\" ><p style=\"font-weight:600;font-size:20px;\">Carrosserie d'autobus<\/p><\/div> <!-- header --><\/div> <!-- porto-sicon-box -->[\/vc_column][vc_column width=&#8221;1\/4&#8243;]<div class=\"porto-sicon-box style_1 default-icon\"><div class=\"porto-sicon-default\"><div id=\"porto-icon-157150140369f4a3d6dced4\" class=\"porto-just-icon-wrapper\" style=\"text-align:center;\">\n<div class=\"porto-icon none \"  style=\"color:#39c12c;font-size:22px;display:inline-block;\">\n\t<i class=\"porto-icon-ok\"><\/i>\n<\/div><\/div><\/div><div class=\"porto-sicon-header\" ><p style=\"font-weight:600;font-size:20px;\">Des installations de production<\/p><\/div> <!-- header --><\/div> <!-- porto-sicon-box --><div class=\"porto-sicon-box style_1 default-icon\"><div class=\"porto-sicon-default\"><div id=\"porto-icon-51460853869f4a3d6dd631\" class=\"porto-just-icon-wrapper\" style=\"text-align:center;\">\n<div class=\"porto-icon none \"  style=\"color:#39c12c;font-size:22px;display:inline-block;\">\n\t<i class=\"porto-icon-ok\"><\/i>\n<\/div><\/div><\/div><div class=\"porto-sicon-header\" ><p style=\"font-weight:600;font-size:20px;\">\u00e9quipement agricole<\/p><\/div> <!-- header --><\/div> <!-- porto-sicon-box --><div class=\"porto-sicon-box style_1 default-icon\"><div class=\"porto-sicon-default\"><div id=\"porto-icon-140298207869f4a3d6dddd1\" class=\"porto-just-icon-wrapper\" style=\"text-align:center;\">\n<div class=\"porto-icon none \"  style=\"color:#39c12c;font-size:22px;display:inline-block;\">\n\t<i class=\"porto-icon-ok\"><\/i>\n<\/div><\/div><\/div><div class=\"porto-sicon-header\" ><p style=\"font-weight:600;font-size:20px;\">Superstructure de v\u00e9hicule lourd<\/p><\/div> <!-- header --><\/div> <!-- porto-sicon-box -->[\/vc_column][vc_column width=&#8221;1\/4&#8243;]<div class=\"porto-sicon-box style_1 default-icon\"><div class=\"porto-sicon-default\"><div id=\"porto-icon-81491168469f4a3d6de558\" class=\"porto-just-icon-wrapper\" style=\"text-align:center;\">\n<div class=\"porto-icon none \"  style=\"color:#39c12c;font-size:22px;display:inline-block;\">\n\t<i class=\"porto-icon-ok\"><\/i>\n<\/div><\/div><\/div><div class=\"porto-sicon-header\" ><p style=\"font-weight:600;font-size:20px;\">Machines de traitement des c\u00e9r\u00e9ales<\/p><\/div> <!-- header --><\/div> <!-- porto-sicon-box --><div class=\"porto-sicon-box style_1 default-icon\"><div class=\"porto-sicon-default\"><div id=\"porto-icon-103253297169f4a3d6decbe\" class=\"porto-just-icon-wrapper\" style=\"text-align:center;\">\n<div class=\"porto-icon none \"  style=\"color:#39c12c;font-size:22px;display:inline-block;\">\n\t<i class=\"porto-icon-ok\"><\/i>\n<\/div><\/div><\/div><div class=\"porto-sicon-header\" ><p style=\"font-weight:600;font-size:20px;\">Usines de transformation de viande de lait de poisson<\/p><\/div> <!-- header --><\/div> <!-- porto-sicon-box --><div class=\"porto-sicon-box style_1 default-icon\"><div class=\"porto-sicon-default\"><div id=\"porto-icon-74263972669f4a3d6df447\" class=\"porto-just-icon-wrapper\" style=\"text-align:center;\">\n<div class=\"porto-icon none \"  style=\"color:#39c12c;font-size:22px;display:inline-block;\">\n\t<i class=\"porto-icon-ok\"><\/i>\n<\/div><\/div><\/div><div class=\"porto-sicon-header\" ><p style=\"font-weight:600;font-size:20px;\">Engins Lourd<\/p><\/div> <!-- header --><\/div> <!-- porto-sicon-box -->[\/vc_column][\/vc_row][vc_row][vc_column][vc_column_text]OCO Group A.\u015e, qui est dans la vie des affaires depuis plus de 24 ans, s&#8217;efforce de s&#8217;assurer que les processus d&#8217;approvisionnement, d&#8217;application et de fabrication sont conformes \u00e0 la demande du client dans chaque pays qu&#8217;il dessert.<\/p>\n<p>OCO Group A.\u015e vise \u00e0 \u00eatre le plus pr\u00e9f\u00e9r\u00e9 sur les march\u00e9s auxquels il est affili\u00e9. De plus, il agit comme une solution et orient\u00e9e client. Il a une compr\u00e9hension de la gestion efficace, comp\u00e9titive, proactive et en m\u00eame temps respectueuse de l&#8217;environnement qui suit les innovations. Op\u00e9rant dans les secteurs de l&#8217;architecture, du commerce ext\u00e9rieur et de la construction, OCO Group A.\u015e poss\u00e8de \u00e9galement une cat\u00e9gorie de services qui propose diff\u00e9rents services sous le nom OCO Tech. OCO Tech propose diff\u00e9rents services dans de nombreux domaines, de l&#8217;installation en usine \u00e0 la fabrication de machines, en passant par les installations de production de p\u00e9trole et de transformation alimentaire, les installations de production et les installations industrielles.<\/p>\n<p><strong>Pourquoi OCO Tech?<\/strong><\/p>\n<p>OCO Tech construit des usines de transformation alimentaire dans le monde entier depuis de nombreuses ann\u00e9es. De plus, il est possible de cr\u00e9er des usines industrielles. La production, innovation et cr\u00e9ation sous contrat des machines. De nombreuses installations, installations d\u2019usines de petrole, installations d\u2019usines\u00a0 d&#8217;automobiles, de v\u00e9hicules lourds, de pi\u00e8ces d\u00e9tach\u00e9es, sont mises en place. OCO Tech produits des bus et des v\u00e9hicules lourds d\u00e9mont\u00e9s. Une fois les v\u00e9hicules d\u00e9sassembl\u00e9s, leur exportation est facilit\u00e9e et le montage est effectu\u00e9 dans les locaux des partenaires destinataires.<\/p>\n<p>Il convient de souligner que OCO Tech au sein de Oco Group dispose de diff\u00e9rentes installations dans diff\u00e9rents pays. Des usines de transformation du riz ont \u00e9t\u00e9 \u00e9tablies dans le pass\u00e9, en Mauritanie, en Tunisie, au Turkm\u00e9nistan, etc. En outre, des projet d&#8217;installation de production de p\u00e2te de tomate est en vigueur au Mali et d\u2019autres clients. En cons\u00e9quence, il convient de pr\u00e9ciser que OCO Tech a investi de mani\u00e8re significative dans ces r\u00e9gions en \u00e9tablissant diff\u00e9rentes installations de production dans presque toutes les r\u00e9gions d&#8217;Afrique. Il est \u00e9vident que OCO Tech, qui a re\u00e7u \u00e0 ce jour des r\u00e9f\u00e9rences positives de chaque client, a contribu\u00e9 au d\u00e9veloppement du monde.<\/p>\n<p>Il convient de noter que OCO Group agit \u00e0 la demande \u00e0 cet \u00e9gard. Apr\u00e8s avoir \u00e9valu\u00e9 les demandes des pays concern\u00e9s, elle est int\u00e9gr\u00e9e dans l&#8217;\u00e9tude en cons\u00e9quence. Gr\u00e2ce \u00e0 des mod\u00e8les \u00e9conomiques ma\u00eetris\u00e9s, la demande de produits manufactur\u00e9s augmente de jour en jour. Conscient de ce fait, OCO Tech cr\u00e9e des installations de production flexibles. De cette fa\u00e7on, il est pr\u00e9vu que les produits ne perdent pas leur courant. En d&#8217;autres termes, les installations de production sont con\u00e7ues en cons\u00e9quence afin que la demande pour les produits ne diminue jamais.<\/p>\n<p><strong>Que promet OCO Tech?<\/strong><\/p>\n<p>OCO Tech promet une s\u00e9rieuse fiabilit\u00e9 des mati\u00e8res premi\u00e8res dans la mise en place des installations de production. La mati\u00e8re premi\u00e8re est \u00e0 la fois de haute qualit\u00e9 et abordable. OCO Tech respecte les int\u00e9r\u00eats de lui et de la soci\u00e9t\u00e9 avec laquelle il fait affaire.<\/p>\n<p>OCO Tech est conscient de la difficult\u00e9 de la production. Cr\u00e9er des produits au lieu de produire des services ou de l&#8217;exp\u00e9rience est un travail satisfaisant, quoique difficile. Produisant un produit que les gens peuvent utiliser et b\u00e9n\u00e9ficier de, OCO Tech a une satisfaction professionnelle significative. En outre, il convient de noter que OCO Tech a fait des plans importants sur de nombreuses questions, en particulier les co\u00fbts. Il est \u00e9vident que OCO Tech, qui priorise toujours des facteurs tels que le marketing, les mat\u00e9riaux et la main-d&#8217;\u0153uvre, est le mieux adapt\u00e9 aux conditions du march\u00e9 concurrentiel.<\/p>\n<p>En cons\u00e9quence, la soci\u00e9t\u00e9 OCO Tech, qui est la fen\u00eatre de la Turquie dans le monde en mettant en place des installations de production dans diff\u00e9rents domaines.[\/vc_column_text][\/vc_column][\/vc_row][vc_row full_width=&#8221;stretch_row_content_no_spaces&#8221;][vc_column width=&#8221;1\/6&#8243;][\/vc_column][vc_column width=&#8221;2\/3&#8243;][vc_gallery type=&#8221;image_grid&#8221; images=&#8221;252,253,254,259,255,256,257,258,318,317&#8243;][\/vc_column][vc_column width=&#8221;1\/6&#8243;][\/vc_column][\/vc_row]<\/p>\n<\/div>","protected":false},"excerpt":{"rendered":"<p>[vc_row][vc_column width=&#8221;1\/4&#8243;][\/vc_column][vc_column width=&#8221;1\/4&#8243;][\/vc_column][vc_column width=&#8221;1\/4&#8243;][\/vc_column][vc_column width=&#8221;1\/4&#8243;][\/vc_column][\/vc_row][vc_row][vc_column][vc_column_text]OCO Group A.\u015e, qui est dans la vie des affaires depuis plus de 24 ans, s&#8217;efforce de s&#8217;assurer que les processus d&#8217;approvisionnement, d&#8217;application et de fabrication sont conformes \u00e0 la demande du client dans chaque pays qu&#8217;il dessert. OCO Group A.\u015e vise \u00e0 \u00eatre le plus pr\u00e9f\u00e9r\u00e9 sur les march\u00e9s auxquels [&hellip;]<\/p>\n","protected":false},"author":1,"featured_media":0,"parent":0,"menu_order":0,"comment_status":"closed","ping_status":"closed","template":"","meta":{"footnotes":""},"aioseo_notices":[],"_links":{"self":[{"href":"https:\/\/www.ocogroup.com.tr\/fr\/wp-json\/wp\/v2\/pages\/174"}],"collection":[{"href":"https:\/\/www.ocogroup.com.tr\/fr\/wp-json\/wp\/v2\/pages"}],"about":[{"href":"https:\/\/www.ocogroup.com.tr\/fr\/wp-json\/wp\/v2\/types\/page"}],"author":[{"embeddable":true,"href":"https:\/\/www.ocogroup.com.tr\/fr\/wp-json\/wp\/v2\/users\/1"}],"replies":[{"embeddable":true,"href":"https:\/\/www.ocogroup.com.tr\/fr\/wp-json\/wp\/v2\/comments?post=174"}],"version-history":[{"count":31,"href":"https:\/\/www.ocogroup.com.tr\/fr\/wp-json\/wp\/v2\/pages\/174\/revisions"}],"predecessor-version":[{"id":413,"href":"https:\/\/www.ocogroup.com.tr\/fr\/wp-json\/wp\/v2\/pages\/174\/revisions\/413"}],"wp:attachment":[{"href":"https:\/\/www.ocogroup.com.tr\/fr\/wp-json\/wp\/v2\/media?parent=174"}],"curies":[{"name":"wp","href":"https:\/\/api.w.org\/{rel}","templated":true}]}}