{"id":172,"date":"2020-02-24T16:10:55","date_gmt":"2020-02-24T13:10:55","guid":{"rendered":"https:\/\/www.ocogroup.com.tr\/?page_id=172"},"modified":"2020-02-27T16:59:13","modified_gmt":"2020-02-27T13:59:13","slug":"mimarlik","status":"publish","type":"page","link":"https:\/\/www.ocogroup.com.tr\/fr\/mimarlik\/","title":{"rendered":"OCO Architecture"},"content":{"rendered":"<div class=\"wpb-content-wrapper\"><p>[vc_row icon_type=&#8221;porto&#8221; icon=&#8221;&#8221; icon_img=&#8221;&#8221; img_width=&#8221;48&#8243; icon_size=&#8221;22&#8243; icon_color=&#8221;#39c12c&#8221; icon_style=&#8221;none&#8221; icon_color_bg=&#8221;#ffffff&#8221; icon_border_style=&#8221;&#8221; icon_color_border=&#8221;#333333&#8243; icon_border_size=&#8221;1&#8243; icon_border_radius=&#8221;500&#8243; icon_border_spacing=&#8221;50&#8243; title=&#8221;&#8221; subtitle=&#8221;Petrol \u00fcretim tesisleri&#8221; read_more=&#8221;none&#8221; link=&#8221;&#8221; read_text=&#8221;Read More&#8221; hover_effect=&#8221;style_1&#8243; pos=&#8221;default&#8221; heading_tag=&#8221;h3&#8243; title_use_theme_fonts=&#8221;yes&#8221; title_font_style=&#8221;&#8221; subtitle_text_typography=&#8221;&#8221; subtitle_font_style=&#8221;600&#8243; desc_use_theme_fonts=&#8221;yes&#8221; desc_font_style=&#8221;&#8221; icon_porto=&#8221;porto-icon-ok&#8221; subtitle_font_size=&#8221;20&#8243; icon_simpleline=&#8221;&#8221; title_text_typography=&#8221;&#8221; title_google_font=&#8221;&#8221; title_font_size=&#8221;&#8221; title_font_line_height=&#8221;&#8221; title_font_letter_spacing=&#8221;&#8221; title_font_color=&#8221;&#8221; subtitle_font_line_height=&#8221;&#8221; subtitle_font_letter_spacing=&#8221;&#8221; subtitle_font_color=&#8221;&#8221; desc_text_typography=&#8221;&#8221; desc_google_font=&#8221;&#8221; desc_font_size=&#8221;&#8221; desc_font_line_height=&#8221;&#8221; desc_font_letter_spacing=&#8221;&#8221; desc_font_color=&#8221;&#8221; css_info_box=&#8221;&#8221;][vc_column width=&#8221;1\/4&#8243;]<div class=\"porto-sicon-box style_1 default-icon\"><div class=\"porto-sicon-default\"><div id=\"porto-icon-112243540269f47e3052b28\" class=\"porto-just-icon-wrapper\" style=\"text-align:center;\">\n<div class=\"porto-icon none \"  style=\"color:#39c12c;font-size:22px;display:inline-block;\">\n\t<i class=\"porto-icon-ok\"><\/i>\n<\/div><\/div><\/div><div class=\"porto-sicon-header\" ><p style=\"font-weight:600;font-size:20px;\">D\u00e9coration d'h\u00f4tel<\/p><\/div> <!-- header --><\/div> <!-- porto-sicon-box --><div class=\"porto-sicon-box style_1 default-icon\"><div class=\"porto-sicon-default\"><div id=\"porto-icon-83513190969f47e3052fa8\" class=\"porto-just-icon-wrapper\" style=\"text-align:center;\">\n<div class=\"porto-icon none \"  style=\"color:#39c12c;font-size:22px;display:inline-block;\">\n\t<i class=\"porto-icon-ok\"><\/i>\n<\/div><\/div><\/div><div class=\"porto-sicon-header\" ><p style=\"font-weight:600;font-size:20px;\">Installation hospitali\u00e8re<\/p><\/div> <!-- header --><\/div> <!-- porto-sicon-box -->[\/vc_column][vc_column width=&#8221;1\/4&#8243;]<div class=\"porto-sicon-box style_1 default-icon\"><div class=\"porto-sicon-default\"><div id=\"porto-icon-182628298469f47e305343c\" class=\"porto-just-icon-wrapper\" style=\"text-align:center;\">\n<div class=\"porto-icon none \"  style=\"color:#39c12c;font-size:22px;display:inline-block;\">\n\t<i class=\"porto-icon-ok\"><\/i>\n<\/div><\/div><\/div><div class=\"porto-sicon-header\" ><p style=\"font-weight:600;font-size:20px;\">Terrain de sport<\/p><\/div> <!-- header --><\/div> <!-- porto-sicon-box --><div class=\"porto-sicon-box style_1 default-icon\"><div class=\"porto-sicon-default\"><div id=\"porto-icon-90557347869f47e30538b2\" class=\"porto-just-icon-wrapper\" style=\"text-align:center;\">\n<div class=\"porto-icon none \"  style=\"color:#39c12c;font-size:22px;display:inline-block;\">\n\t<i class=\"porto-icon-ok\"><\/i>\n<\/div><\/div><\/div><div class=\"porto-sicon-header\" ><p style=\"font-weight:600;font-size:20px;\">Salle<\/p><\/div> <!-- header --><\/div> <!-- porto-sicon-box -->[\/vc_column][vc_column width=&#8221;1\/4&#8243;]<div class=\"porto-sicon-box style_1 default-icon\"><div class=\"porto-sicon-default\"><div id=\"porto-icon-133707496269f47e3053d4c\" class=\"porto-just-icon-wrapper\" style=\"text-align:center;\">\n<div class=\"porto-icon none \"  style=\"color:#39c12c;font-size:22px;display:inline-block;\">\n\t<i class=\"porto-icon-ok\"><\/i>\n<\/div><\/div><\/div><div class=\"porto-sicon-header\" ><p style=\"font-weight:600;font-size:20px;\">Conception de restaurant<\/p><\/div> <!-- header --><\/div> <!-- porto-sicon-box --><div class=\"porto-sicon-box style_1 default-icon\"><div class=\"porto-sicon-default\"><div id=\"porto-icon-174187436769f47e30541c7\" class=\"porto-just-icon-wrapper\" style=\"text-align:center;\">\n<div class=\"porto-icon none \"  style=\"color:#39c12c;font-size:22px;display:inline-block;\">\n\t<i class=\"porto-icon-ok\"><\/i>\n<\/div><\/div><\/div><div class=\"porto-sicon-header\" ><p style=\"font-weight:600;font-size:20px;\">Apart design<\/p><\/div> <!-- header --><\/div> <!-- porto-sicon-box -->[\/vc_column][vc_column width=&#8221;1\/4&#8243;]<div class=\"porto-sicon-box style_1 default-icon\"><div class=\"porto-sicon-default\"><div id=\"porto-icon-115927140969f47e3054653\" class=\"porto-just-icon-wrapper\" style=\"text-align:center;\">\n<div class=\"porto-icon none \"  style=\"color:#39c12c;font-size:22px;display:inline-block;\">\n\t<i class=\"porto-icon-ok\"><\/i>\n<\/div><\/div><\/div><div class=\"porto-sicon-header\" ><p style=\"font-weight:600;font-size:20px;\">Conception de meubles<\/p><\/div> <!-- header --><\/div> <!-- porto-sicon-box --><div class=\"porto-sicon-box style_1 default-icon\"><div class=\"porto-sicon-default\"><div id=\"porto-icon-20296735769f47e3054b40\" class=\"porto-just-icon-wrapper\" style=\"text-align:center;\">\n<div class=\"porto-icon none \"  style=\"color:#39c12c;font-size:22px;display:inline-block;\">\n\t<i class=\"porto-icon-ok\"><\/i>\n<\/div><\/div><\/div><div class=\"porto-sicon-header\" ><p style=\"font-weight:600;font-size:20px;\">Architecture de bureau<\/p><\/div> <!-- header --><\/div> <!-- porto-sicon-box -->[\/vc_column][\/vc_row][vc_row][vc_column][vc_column_text]Poursuivant ses activit\u00e9s depuis 2016, OCO Group A.\u015e figure parmi les leaders incontest\u00e9s du secteur, avec des clients dans 35 pays diff\u00e9rents du monde. OCO Group A.\u015e., qui a plus de 24 ans d&#8217;exp\u00e9rience commerciale, poss\u00e8de \u00e9galement plus de cinq ans d&#8217;exp\u00e9rience en exportation.<\/p>\n<p>OCO Group A.\u015e jouit d&#8217;une popularit\u00e9 consid\u00e9rable, notamment en Afrique, l&#8217;un des march\u00e9s les plus importants au monde. Combinant les processus d&#8217;approvisionnement, de service et de fabrication avec la satisfaction du client, OCO Group A.\u015e prend en compte les demandes de l&#8217;utilisateur lors de la cr\u00e9ation des syst\u00e8mes. La planification et les projets sont r\u00e9alis\u00e9s dans le cadre d&#8217;une r\u00e9flexion commune et les demandes du client sont essay\u00e9es pour \u00eatre satisfaites de la meilleure fa\u00e7on.<\/p>\n<p><strong>Que promet OCO architecture?<\/strong><\/p>\n<p>Offrant des services dans de nombreux pays du monde, OCO Group A.\u015e offre des services de haute qualit\u00e9 dans le domaine de l&#8217;architecture. Vous pouvez obtenir des services de OCO Group A.\u015e. en toute tranquillit\u00e9 d&#8217;esprit dans des sujets tels que la conception, l&#8217;installation, la d\u00e9coration, l&#8217;architecture, la conception de meubles.<\/p>\n<p>OCO Architecture contribue \u00e0 fa\u00e7onner les espaces de vie selon vos envies. De cette fa\u00e7on, vous pouvez profiter d&#8217;une bien meilleure qualit\u00e9 de vie. La conception architecturale consiste en un processus de conception fa\u00e7onn\u00e9 en fonction des besoins de l&#8217;espace. Les besoins et les demandes des institutions forment la base des conceptions architecturales.<\/p>\n<p>Les mat\u00e9riaux consommables pour H\u00f4tel, salle de conf\u00e9rence, gymnase, h\u00f4pital, etc. sont fournis par OCO Foreign Trade, tandis que la d\u00e9coration, la conception architecturale et la r\u00e9novation sont r\u00e9alis\u00e9es par OCO Architecture. De plus, OCO Architecture a r\u00e9alis\u00e9 de nombreux projets \u00e0 ce jour. Par exemple, au cours des derniers mois de 2019, l&#8217;installation d&#8217;un h\u00f4pital dentaire au Mali, la r\u00e9novation d&#8217;un h\u00f4tel au S\u00e9n\u00e9gal, la production d\u2019un terrain synth\u00e9tique en Guin\u00e9e et l&#8217;installation d&#8217;appartements etc&#8230; Leur conceptions architecturale ont \u00e9t\u00e9 r\u00e9alis\u00e9es par OCO Architecture. En cons\u00e9quence, des activit\u00e9s telles que la conception architecturale, l&#8217;application, la d\u00e9coration, la r\u00e9novation et la production de meubles sont r\u00e9alis\u00e9es par OCO Architecture.<\/p>\n<p>Dans le processus allant de la premi\u00e8re \u00e9tape du projet au point final, l&#8217;\u00e9quipe OCO Architecture essaie de faire le meilleur travail en \u00e9valuant des facteurs tels que la vision future du projet, l&#8217;\u00e9conomie d&#8217;investissement, l&#8217;objectif de cr\u00e9er un centre d&#8217;attraction, les relations locales et internationales, la durabilit\u00e9 et les obligations l\u00e9gales.<\/p>\n<p><strong>Pourquoi OCO Architecture?<\/strong><\/p>\n<p>Pour OCO Architecture, le design d&#8217;int\u00e9rieur signifie bien plus que la cr\u00e9ation d&#8217;un espace qualifi\u00e9 et magnifique. Dans la conception architecturale, l&#8217;identit\u00e9 d&#8217;entreprise, la culture de marque et les valeurs locales sont prises en consid\u00e9ration. Il vise \u00e0 faire ressortir le meilleur de l&#8217;entreprise en mati\u00e8re de besoins et d&#8217;exigences de base. Dans ce processus, l&#8217;\u00e9quipe OCO Architecture vise \u00e0 s&#8217;assurer que le travail effectu\u00e9 par les consultants est sans faille.<\/p>\n<p>OCO Architecture; Il garantit l&#8217;ex\u00e9cution compl\u00e8te du processus de chantier \u00e0 travers tous les mat\u00e9riaux et les livraisons, la fabrication et les processus d&#8217;assemblage et de test. De plus, toutes les pr\u00e9cautions concernant la s\u00e9curit\u00e9 au travail sont prises compl\u00e8tement. Toutes les projections et la planification du projet sont faites en fonction de l&#8217;exp\u00e9rience et de l&#8217;exp\u00e9rience de l&#8217;\u00e9quipe OCO Architecture. De cette fa\u00e7on, des pr\u00e9cautions sont prises contre tous les risques possibles. De plus, il est ex\u00e9cut\u00e9 conform\u00e9ment au calendrier de travail pr\u00e9alablement \u00e9tabli. L&#8217;ach\u00e8vement et la livraison du projet \u00e0 des moments pr\u00e9cis figurent parmi les objectifs importants de l&#8217;\u00e9quipe OCO Architecture.<\/p>\n<p>D\u00e9termin\u00e9 \u00e0 faire conna\u00eetre son nom dans le monde entier, OCO Group A.\u015e offre le meilleur service dans l&#8217;industrie de l&#8217;architecture.[\/vc_column_text][\/vc_column][\/vc_row][vc_row full_width=&#8221;stretch_row_content_no_spaces&#8221;][vc_column width=&#8221;1\/6&#8243;][\/vc_column][vc_column width=&#8221;2\/3&#8243;][vc_gallery type=&#8221;image_grid&#8221; images=&#8221;315,320,321,322,303,299,301,298,296,297,285,286,288,289,290,294,280,275,281,287,278,277,273,292&#8243;][\/vc_column][vc_column width=&#8221;1\/6&#8243;][\/vc_column][\/vc_row]<\/p>\n<\/div>","protected":false},"excerpt":{"rendered":"<p>[vc_row icon_type=&#8221;porto&#8221; icon=&#8221;&#8221; icon_img=&#8221;&#8221; img_width=&#8221;48&#8243; icon_size=&#8221;22&#8243; icon_color=&#8221;#39c12c&#8221; icon_style=&#8221;none&#8221; icon_color_bg=&#8221;#ffffff&#8221; icon_border_style=&#8221;&#8221; icon_color_border=&#8221;#333333&#8243; icon_border_size=&#8221;1&#8243; icon_border_radius=&#8221;500&#8243; icon_border_spacing=&#8221;50&#8243; title=&#8221;&#8221; subtitle=&#8221;Petrol \u00fcretim tesisleri&#8221; read_more=&#8221;none&#8221; link=&#8221;&#8221; read_text=&#8221;Read More&#8221; hover_effect=&#8221;style_1&#8243; pos=&#8221;default&#8221; heading_tag=&#8221;h3&#8243; title_use_theme_fonts=&#8221;yes&#8221; title_font_style=&#8221;&#8221; subtitle_text_typography=&#8221;&#8221; subtitle_font_style=&#8221;600&#8243; desc_use_theme_fonts=&#8221;yes&#8221; desc_font_style=&#8221;&#8221; icon_porto=&#8221;porto-icon-ok&#8221; subtitle_font_size=&#8221;20&#8243; icon_simpleline=&#8221;&#8221; title_text_typography=&#8221;&#8221; title_google_font=&#8221;&#8221; title_font_size=&#8221;&#8221; title_font_line_height=&#8221;&#8221; title_font_letter_spacing=&#8221;&#8221; title_font_color=&#8221;&#8221; subtitle_font_line_height=&#8221;&#8221; subtitle_font_letter_spacing=&#8221;&#8221; subtitle_font_color=&#8221;&#8221; desc_text_typography=&#8221;&#8221; desc_google_font=&#8221;&#8221; desc_font_size=&#8221;&#8221; desc_font_line_height=&#8221;&#8221; desc_font_letter_spacing=&#8221;&#8221; desc_font_color=&#8221;&#8221; css_info_box=&#8221;&#8221;][vc_column width=&#8221;1\/4&#8243;][\/vc_column][vc_column width=&#8221;1\/4&#8243;][\/vc_column][vc_column width=&#8221;1\/4&#8243;][\/vc_column][vc_column width=&#8221;1\/4&#8243;][\/vc_column][\/vc_row][vc_row][vc_column][vc_column_text]Poursuivant ses [&hellip;]<\/p>\n","protected":false},"author":1,"featured_media":0,"parent":0,"menu_order":0,"comment_status":"closed","ping_status":"closed","template":"","meta":{"footnotes":""},"aioseo_notices":[],"_links":{"self":[{"href":"https:\/\/www.ocogroup.com.tr\/fr\/wp-json\/wp\/v2\/pages\/172"}],"collection":[{"href":"https:\/\/www.ocogroup.com.tr\/fr\/wp-json\/wp\/v2\/pages"}],"about":[{"href":"https:\/\/www.ocogroup.com.tr\/fr\/wp-json\/wp\/v2\/types\/page"}],"author":[{"embeddable":true,"href":"https:\/\/www.ocogroup.com.tr\/fr\/wp-json\/wp\/v2\/users\/1"}],"replies":[{"embeddable":true,"href":"https:\/\/www.ocogroup.com.tr\/fr\/wp-json\/wp\/v2\/comments?post=172"}],"version-history":[{"count":20,"href":"https:\/\/www.ocogroup.com.tr\/fr\/wp-json\/wp\/v2\/pages\/172\/revisions"}],"predecessor-version":[{"id":367,"href":"https:\/\/www.ocogroup.com.tr\/fr\/wp-json\/wp\/v2\/pages\/172\/revisions\/367"}],"wp:attachment":[{"href":"https:\/\/www.ocogroup.com.tr\/fr\/wp-json\/wp\/v2\/media?parent=172"}],"curies":[{"name":"wp","href":"https:\/\/api.w.org\/{rel}","templated":true}]}}