{"id":170,"date":"2020-02-24T16:09:27","date_gmt":"2020-02-24T13:09:27","guid":{"rendered":"https:\/\/www.ocogroup.com.tr\/?page_id=170"},"modified":"2020-02-27T16:24:57","modified_gmt":"2020-02-27T13:24:57","slug":"yapi","status":"publish","type":"page","link":"https:\/\/www.ocogroup.com.tr\/fr\/yapi\/","title":{"rendered":"OCO Yap\u0131"},"content":{"rendered":"<div class=\"wpb-content-wrapper\"><p>[vc_row][vc_column][vc_column_text]Desservant 35 pays diff\u00e9rents du monde, OCO Group A.\u015e agit avec l&#8217;exp\u00e9rience d&#8217;\u00eatre dans le secteur depuis de nombreuses ann\u00e9es. travaillant pour la Turquie, la production pour le monde de tous les secteurs dans lesquels OCO Group op\u00e8re est de maintenir la satisfaction de la client\u00e8le \u00e0 l&#8217;avant-garde. Apr\u00e8s avoir entendu son nom avec ses services orient\u00e9s solution pour le continent africain, OCO Group vise \u00e0 \u00e9tendre encore le nombre de pays qu&#8217;il dessert.<\/p>\n<p>Travaillant dans le cadre de cat\u00e9gories telles que l&#8217;architecture, le commerce ext\u00e9rieur, OCO Yap\u0131 propose une large gamme de services sous diff\u00e9rentes rubriques telles que les applications de construction, les applications techniques, les entrepreneurs et les activit\u00e9s de construction. OCO Group, qui a envoy\u00e9 des mat\u00e9riaux de construction \u00e0 divers clients au cours de la derni\u00e8re p\u00e9riode, a \u00e9galement soutenu la partie construction du projet en raison de son incapacit\u00e9 \u00e0 mettre en \u0153uvre les produits. OCO Group, qui s&#8217;est rendu en Guin\u00e9e avec son ma\u00eetre et son \u00e9quipe turcs, a fait une r\u00e9f\u00e9rence importante dans cette r\u00e9gion en construisant des b\u00e2timents en Guin\u00e9e. Depuis lors, elle est devenue la soci\u00e9t\u00e9 pr\u00e9f\u00e9r\u00e9e en Afrique. Le groupe OCO, qui fabrique la c\u00e9ramique et les portes des b\u00e2timents appel\u00e9s beaux travaux, ne s&#8217;y contente pas et vise \u00e0 accro\u00eetre la qualit\u00e9 de ses activit\u00e9s dans le secteur de la construction. OCO Group, qui est pr\u00eat \u00e0 construire de la construction \u00e0 partir de z\u00e9ro dans l\u2019avenir, a pour objectif de lancer des appels d&#8217;offres et de devenir la principale entreprise dans les projets de construction.<\/p>\n<p><strong>Pourquoi OCO Yap\u0131?<\/strong><\/p>\n<p>OCO Yap\u0131 est conscient de la difficult\u00e9 de r\u00e9ussir dans cette industrie. En particulier, si vous offrez le service de construction dans un autre pays, vous devez \u00eatre encore plus qualifi\u00e9. OCO Yap\u0131, qui soutient les projets de construction en Afrique en g\u00e9n\u00e9ral, dispose d&#8217;une \u00e9quipe de haute qualit\u00e9. De cette fa\u00e7on, les demandes des populations locales sont mieux comprises et mises en pratique. De plus, nous pouvons affirmer que OCO Yap\u0131 est ouvert \u00e0 de nouveaux projets dans le secteur de l&#8217;ing\u00e9nierie. OCO Group, qui cherche constamment \u00e0 s&#8217;am\u00e9liorer, a un sens positif de l&#8217;industrie de la construction dans ce contexte.<\/p>\n<p>OCO Group prend la responsabilit\u00e9 de tous les projets dans l&#8217;industrie de la construction. En tant que chef de site ou chef de projet, son \u00e9quipe pouvant accompagner des projets est illimit\u00e9e. Il attache \u00e9galement une grande importance \u00e0 la question de la communication. La communication dans le secteur de la construction passe avant tout. Dans ce contexte, c&#8217;est une entreprise qui a pour mission de communiquer en permanence avec les travailleurs du chantier et les partenaires commerciaux qui r\u00e9alisent le projet.<\/p>\n<p><strong>Que promet OCO Yap\u0131?<\/strong><\/p>\n<p>OCO Yap\u0131 poursuit ses travaux dans ce secteur, qu&#8217;il a commenc\u00e9 par exporter des mat\u00e9riaux de construction vers les pays africains. Il a d&#8217;importantes r\u00e9f\u00e9rences sur la d\u00e9coration int\u00e9rieure et ext\u00e9rieure. En outre, il vise \u00e0 devenir l&#8217;un des plus grands projets de construction au monde en se d\u00e9veloppant \u00e0 l&#8217;avenir. Ce faisant, elle s&#8217;am\u00e9liore constamment et am\u00e9liore son \u00e9quipe. En particulier, il suit de pr\u00e8s la technologie. Il applique les \u00e9l\u00e9ments technologiques en d\u00e9veloppement \u00e0 lui-m\u00eame.<\/p>\n<p>OCO Yap\u0131 est pr\u00eat \u00e0 tout dans ce secteur. Il s&#8217;agit de produire des solutions pratiques aux nouvelles situations qui se pr\u00e9sentent. Il est conscient de l&#8217;importance des solutions \u00e0 produire en cas d&#8217;urgence dans le secteur de la construction. OCO Yap\u0131 est une entreprise dot\u00e9e de comp\u00e9tences en leadership. Ils agissent en sachant qu&#8217;ils sont responsables de la conception et de la mise en \u0153uvre de l&#8217;ensemble du projet. S&#8217;il peut g\u00e9rer une \u00e9quipe de diff\u00e9rents professionnels, c&#8217;est aussi une entreprise capable de r\u00e9pondre litt\u00e9ralement aux demandes des clients. OCO Yap\u0131 se fera un nom avec ses travaux dans le secteur de la construction dans les ann\u00e9es 2020.[\/vc_column_text][\/vc_column][\/vc_row]<\/p>\n<\/div>","protected":false},"excerpt":{"rendered":"<p>[vc_row][vc_column][vc_column_text]Desservant 35 pays diff\u00e9rents du monde, OCO Group A.\u015e agit avec l&#8217;exp\u00e9rience d&#8217;\u00eatre dans le secteur depuis de nombreuses ann\u00e9es. travaillant pour la Turquie, la production pour le monde de tous les secteurs dans lesquels OCO Group op\u00e8re est de maintenir la satisfaction de la client\u00e8le \u00e0 l&#8217;avant-garde. Apr\u00e8s avoir entendu son nom avec ses [&hellip;]<\/p>\n","protected":false},"author":1,"featured_media":0,"parent":0,"menu_order":0,"comment_status":"closed","ping_status":"closed","template":"","meta":{"footnotes":""},"aioseo_notices":[],"_links":{"self":[{"href":"https:\/\/www.ocogroup.com.tr\/fr\/wp-json\/wp\/v2\/pages\/170"}],"collection":[{"href":"https:\/\/www.ocogroup.com.tr\/fr\/wp-json\/wp\/v2\/pages"}],"about":[{"href":"https:\/\/www.ocogroup.com.tr\/fr\/wp-json\/wp\/v2\/types\/page"}],"author":[{"embeddable":true,"href":"https:\/\/www.ocogroup.com.tr\/fr\/wp-json\/wp\/v2\/users\/1"}],"replies":[{"embeddable":true,"href":"https:\/\/www.ocogroup.com.tr\/fr\/wp-json\/wp\/v2\/comments?post=170"}],"version-history":[{"count":7,"href":"https:\/\/www.ocogroup.com.tr\/fr\/wp-json\/wp\/v2\/pages\/170\/revisions"}],"predecessor-version":[{"id":364,"href":"https:\/\/www.ocogroup.com.tr\/fr\/wp-json\/wp\/v2\/pages\/170\/revisions\/364"}],"wp:attachment":[{"href":"https:\/\/www.ocogroup.com.tr\/fr\/wp-json\/wp\/v2\/media?parent=170"}],"curies":[{"name":"wp","href":"https:\/\/api.w.org\/{rel}","templated":true}]}}