{"id":168,"date":"2020-02-24T16:07:12","date_gmt":"2020-02-24T13:07:12","guid":{"rendered":"https:\/\/www.ocogroup.com.tr\/?page_id=168"},"modified":"2020-02-27T17:00:38","modified_gmt":"2020-02-27T14:00:38","slug":"dis-ticaret","status":"publish","type":"page","link":"https:\/\/www.ocogroup.com.tr\/fr\/dis-ticaret\/","title":{"rendered":"OCO Trade"},"content":{"rendered":"<div class=\"wpb-content-wrapper\"><p>[vc_row][vc_column][vc_column_text]OCO Group A.\u015e fait partie des entreprises les plus reconnues du continent Africain. OCO Group A.\u015e, qui a jusqu&#8217;\u00e0 pr\u00e9sent sign\u00e9 de nombreux projets, a des projets importants qu&#8217;il souhaite r\u00e9aliser en Afrique. OCO Trade, qui exporte des meubles, des mati\u00e8res premi\u00e8res, des mat\u00e9riaux de construction, etc. en particulier de la nourriture, sert de nombreuses entreprises depuis de nombreuses ann\u00e9es.<\/p>\n<p>OCO Group A.\u015e s&#8217;est am\u00e9lior\u00e9 dans l&#8217;exportation de mat\u00e9riaux de construction. En outre, elle a envoy\u00e9 des mati\u00e8res premi\u00e8res plastiques dans de nombreux pays. OCO Group A.\u015e., qui a \u00e9tabli une salle de conf\u00e9rence en Guin\u00e9e ces derni\u00e8res ann\u00e9es, s&#8217;est non seulement int\u00e9ress\u00e9 \u00e0 la partie conception de ce projet, mais aussi les mat\u00e9riaux n\u00e9cessaires \u00e0 la conception ont \u00e9t\u00e9 envoy\u00e9s dans ce pays.<\/p>\n<p>OCO Group A.\u015e, qui envoie depuis de nombreuses ann\u00e9es des mat\u00e9riaux de construction au Burkina Faso, en C\u00f4te d&#8217;Ivoire, au Togo, au B\u00e9nin, au S\u00e9n\u00e9gal, en Mauritanie, en Belgique et en Guin\u00e9e, a \u00e9galement voix au chapitre dans la conception et la construction du projet gr\u00e2ce \u00e0 sa confiance en ses clients. En d&#8217;autres termes, l&#8217;approvisionnement en mat\u00e9riaux et les phases de construction et de d\u00e9coration des projets dans les pays du monde sont assur\u00e9s par OCO Group A.\u015e. Pour r\u00e9sumer bri\u00e8vement, OCO Trade est l&#8217;une des cat\u00e9gories desservies par OCO Group A.\u015e, qui op\u00e8re de nombreuses mani\u00e8res. Il travaille \u00e9galement en relation avec les secteurs de l&#8217;architecture, de la construction et de la technologie op\u00e9rant au sein de OCO Group.<\/p>\n<p>Pourquoi OCO Trade?<\/p>\n<p>\u00catre une entreprise de commerce ext\u00e9rieur prosp\u00e8re n&#8217;est pas facile. Le commerce ext\u00e9rieur, peu actif, a des difficult\u00e9s dans diff\u00e9rents domaines. En particulier, il est n\u00e9cessaire de coordonner entre les diff\u00e9rents d\u00e9partements. Quand nous disons client et service de production, soci\u00e9t\u00e9 de douane et de transport, banque et compagnie d&#8217;assurance, nous pouvons dire que le commerce international d\u00e9pend de nombreux facteurs. De plus, il est n\u00e9cessaire de ma\u00eetriser la langue et la culture locale de la r\u00e9gion commerciale. Analyser les besoins des personnes et leur fournir les meilleures conditions \u00e9conomiques et de qualit\u00e9 sont parmi les caract\u00e9ristiques qu&#8217;une bonne entreprise de commerce ext\u00e9rieur devrait avoir. En cons\u00e9quence, OCO Trade poss\u00e8de toutes ces caract\u00e9ristiques dans ce secteur o\u00f9 il op\u00e8re depuis des ann\u00e9es.<\/p>\n<p>OCO Trade est une entreprise qui \u00e9tablit une tr\u00e8s bonne coordination entre les \u00e9l\u00e9ments du commerce international et peut s&#8217;organiser. En outre, il dispose d&#8217;une solide \u00e9quipe de commerce ext\u00e9rieur avec une forte capacit\u00e9 de planification de la coordination et de communication, en particulier la capacit\u00e9 d&#8217;organisation de gestion. Gr\u00e2ce \u00e0 cela, il a r\u00e9ussi sur le continent, qui a une culture diff\u00e9rente comme l&#8217;Afrique.<\/p>\n<p>Que promet OCO Trade?<\/p>\n<p>OCO Trade est attentif et attentif \u00e0 chaque projet dans lequel il se trouve. Il est conscient de l&#8217;importance de l&#8217;effet papillon dans le commerce ext\u00e9rieur. Il agit en prenant conscience du risque d&#8217;une erreur de communication en termes d&#8217;avenir du projet. Afin que l&#8217;entreprise oppos\u00e9e ne fasse pas de mal et que le projet r\u00e9ponde pleinement aux exigences du client, tout ce qui est n\u00e9cessaire est fait en exc\u00e8s.<\/p>\n<p>OCO Trade est tr\u00e8s bon pour le travail \u00e9crit. La communication avec le client est mieux assur\u00e9e. Il est important de d\u00e9clarer que OCO Trade a fait tout son possible pour \u00e9tablir une communication saine, en particulier dans un environnement o\u00f9 la compr\u00e9hension et les perceptions sont diff\u00e9rentes.<\/p>\n<p>En cons\u00e9quence, OCO Trade deviendra l&#8217;\u00e9toile brillante dans le secteur du commerce ext\u00e9rieur des ann\u00e9es 2020 gr\u00e2ce \u00e0 ses r\u00e9f\u00e9rences positives en Afrique.[\/vc_column_text][\/vc_column][\/vc_row]<\/p>\n<\/div>","protected":false},"excerpt":{"rendered":"<p>[vc_row][vc_column][vc_column_text]OCO Group A.\u015e fait partie des entreprises les plus reconnues du continent Africain. OCO Group A.\u015e, qui a jusqu&#8217;\u00e0 pr\u00e9sent sign\u00e9 de nombreux projets, a des projets importants qu&#8217;il souhaite r\u00e9aliser en Afrique. OCO Trade, qui exporte des meubles, des mati\u00e8res premi\u00e8res, des mat\u00e9riaux de construction, etc. en particulier de la nourriture, sert de nombreuses [&hellip;]<\/p>\n","protected":false},"author":1,"featured_media":0,"parent":0,"menu_order":0,"comment_status":"closed","ping_status":"closed","template":"","meta":{"footnotes":""},"aioseo_notices":[],"_links":{"self":[{"href":"https:\/\/www.ocogroup.com.tr\/fr\/wp-json\/wp\/v2\/pages\/168"}],"collection":[{"href":"https:\/\/www.ocogroup.com.tr\/fr\/wp-json\/wp\/v2\/pages"}],"about":[{"href":"https:\/\/www.ocogroup.com.tr\/fr\/wp-json\/wp\/v2\/types\/page"}],"author":[{"embeddable":true,"href":"https:\/\/www.ocogroup.com.tr\/fr\/wp-json\/wp\/v2\/users\/1"}],"replies":[{"embeddable":true,"href":"https:\/\/www.ocogroup.com.tr\/fr\/wp-json\/wp\/v2\/comments?post=168"}],"version-history":[{"count":3,"href":"https:\/\/www.ocogroup.com.tr\/fr\/wp-json\/wp\/v2\/pages\/168\/revisions"}],"predecessor-version":[{"id":368,"href":"https:\/\/www.ocogroup.com.tr\/fr\/wp-json\/wp\/v2\/pages\/168\/revisions\/368"}],"wp:attachment":[{"href":"https:\/\/www.ocogroup.com.tr\/fr\/wp-json\/wp\/v2\/media?parent=168"}],"curies":[{"name":"wp","href":"https:\/\/api.w.org\/{rel}","templated":true}]}}