{"id":13,"date":"2020-02-09T14:38:36","date_gmt":"2020-02-09T11:38:36","guid":{"rendered":"https:\/\/www.ocogroup.com.tr\/?page_id=13"},"modified":"2020-02-27T22:16:14","modified_gmt":"2020-02-27T19:16:14","slug":"hakkimizda","status":"publish","type":"page","link":"https:\/\/www.ocogroup.com.tr\/fr\/hakkimizda\/","title":{"rendered":"Qui Sommes-Nous?"},"content":{"rendered":"<div class=\"wpb-content-wrapper\"><p>[vc_row full_width=&#8221;stretch_row_content_no_spaces&#8221;][vc_column][vc_single_image image=&#8221;334&#8243; img_size=&#8221;full&#8221; alignment=&#8221;center&#8221;][\/vc_column][\/vc_row][vc_row][vc_column width=&#8221;2\/3&#8243;][vc_custom_heading text=&#8221;Combinant 25 ans de commerce et 5 ans d&#8217;exp\u00e9rience \u00e0 l&#8217;exportation,<br \/>\nfond\u00e9 en 2015, <strong>OCO GROUP A.\u015e<\/strong> sert actuellement ses clients dans plus de 35 pays.&#8221; font_container=&#8221;tag:h3|text_align:left|color:%23777777&#8243; use_theme_fonts=&#8221;yes&#8221;][vc_column_text]<strong>OCO GROUP est une organisation qui a d\u00e9cid\u00e9 de laisser sa marque sur le march\u00e9 mondial avec ses services orient\u00e9s solution comme objectif de vie.<\/strong><\/p>\n<p>Elle offre le meilleur des activit\u00e9s d&#8217;approvisionnement, de service et de fabrication en respectant le principe de professionnalisme dans ses domaines d&#8217;activit\u00e9. Pendant la mise en \u0153uvre du service, du mat\u00e9riel ou du syst\u00e8me, des plans sont \u00e9labor\u00e9s en tenant compte des demandes de l&#8217;utilisateur et les projets sont fa\u00e7onn\u00e9s par un raisonnement commun.<br \/>\nOffrir une satisfaction \u00e0 long terme en dirigeant le client est le principe premier de OCO GROUP.<\/p>\n<p>Flux de communication forte et \u00e9tablir des partenariats commerciaux \u00e0 long terme visant OCO GROUP, en tant que disciple de l&#8217;innovation et de l&#8217;inventeur, le monde entier avant sa pr\u00e9sence dans le secteur aussi se fait fortement sentir en Turquie, plus de travail survivra.[\/vc_column_text][\/vc_column][vc_column width=&#8221;1\/3&#8243;][vc_single_image image=&#8221;378&#8243; img_size=&#8221;full&#8221; label=&#8221;&#8221;][\/vc_column][\/vc_row]<\/p>\n<\/div>","protected":false},"excerpt":{"rendered":"<p>[vc_row full_width=&#8221;stretch_row_content_no_spaces&#8221;][vc_column][vc_single_image image=&#8221;334&#8243; img_size=&#8221;full&#8221; alignment=&#8221;center&#8221;][\/vc_column][\/vc_row][vc_row][vc_column width=&#8221;2\/3&#8243;][vc_custom_heading text=&#8221;Combinant 25 ans de commerce et 5 ans d&#8217;exp\u00e9rience \u00e0 l&#8217;exportation, fond\u00e9 en 2015, OCO GROUP A.\u015e sert actuellement ses clients dans plus de 35 pays.&#8221; font_container=&#8221;tag:h3|text_align:left|color:%23777777&#8243; use_theme_fonts=&#8221;yes&#8221;][vc_column_text]OCO GROUP est une organisation qui a d\u00e9cid\u00e9 de laisser sa marque sur le march\u00e9 mondial avec ses services orient\u00e9s solution comme [&hellip;]<\/p>\n","protected":false},"author":1,"featured_media":0,"parent":0,"menu_order":0,"comment_status":"closed","ping_status":"closed","template":"","meta":{"footnotes":""},"aioseo_notices":[],"_links":{"self":[{"href":"https:\/\/www.ocogroup.com.tr\/fr\/wp-json\/wp\/v2\/pages\/13"}],"collection":[{"href":"https:\/\/www.ocogroup.com.tr\/fr\/wp-json\/wp\/v2\/pages"}],"about":[{"href":"https:\/\/www.ocogroup.com.tr\/fr\/wp-json\/wp\/v2\/types\/page"}],"author":[{"embeddable":true,"href":"https:\/\/www.ocogroup.com.tr\/fr\/wp-json\/wp\/v2\/users\/1"}],"replies":[{"embeddable":true,"href":"https:\/\/www.ocogroup.com.tr\/fr\/wp-json\/wp\/v2\/comments?post=13"}],"version-history":[{"count":19,"href":"https:\/\/www.ocogroup.com.tr\/fr\/wp-json\/wp\/v2\/pages\/13\/revisions"}],"predecessor-version":[{"id":381,"href":"https:\/\/www.ocogroup.com.tr\/fr\/wp-json\/wp\/v2\/pages\/13\/revisions\/381"}],"wp:attachment":[{"href":"https:\/\/www.ocogroup.com.tr\/fr\/wp-json\/wp\/v2\/media?parent=13"}],"curies":[{"name":"wp","href":"https:\/\/api.w.org\/{rel}","templated":true}]}}