{"id":11,"date":"2020-02-08T18:00:27","date_gmt":"2020-02-08T15:00:27","guid":{"rendered":"https:\/\/www.ocogroup.com.tr\/?page_id=11"},"modified":"2020-02-27T15:55:38","modified_gmt":"2020-02-27T12:55:38","slug":"insan-kaynaklari","status":"publish","type":"page","link":"https:\/\/www.ocogroup.com.tr\/fr\/insan-kaynaklari\/","title":{"rendered":"Les ressources humaines"},"content":{"rendered":"<div class=\"wpb-content-wrapper\"><p>[vc_row full_width=&#8221;stretch_row_content_no_spaces&#8221;][vc_column][vc_single_image image=&#8221;49&#8243; img_size=&#8221;full&#8221;][\/vc_column][\/vc_row][vc_row][vc_column width=&#8221;2\/3&#8243;][vc_custom_heading text=&#8221;Les <strong>ressources humaines<\/strong>&#8221; use_theme_fonts=&#8221;yes&#8221;][vc_column_text]<\/p>\n<h3>Nous avons pens\u00e9 une <strong>carri\u00e8re<\/strong> pour vous.<\/h3>\n<p>OCO GROUP vise \u00e0 inclure des personnes talentueuses conform\u00e9ment \u00e0 l&#8217;objectif et \u00e0 la culture de l&#8217;entreprise afin d&#8217;atteindre ses objectifs de qualit\u00e9.<br \/>\nLe service des ressources humaines \u00e9value toutes les candidatures et dirige les candidats poss\u00e9dant le CV appropri\u00e9 pour les postes vacants vers le responsable du d\u00e9partement concern\u00e9 pour l&#8217;entretien. Toutes les candidatures \u00e0 OCO GROUP sont conserv\u00e9es dans les archives des ressources humaines pendant 1 an pour les besoins futurs.<\/p>\n<p><strong>Nos principes de ressources humaines<\/strong><br \/>\nNous consid\u00e9rons nos ressources humaines non seulement comme la ressource la plus importante de notre entreprise mais aussi comme notre principal atout qui g\u00e8re toutes les ressources.<\/p>\n<p>En tant qu&#8217;entreprise, nous nous effor\u00e7ons d&#8217;\u00eatre une institution que les candidats qualifi\u00e9s pr\u00e9f\u00e8rent et veulent travailler.<br \/>\nTout en choisissant un coll\u00e8gue, nous ajouterons de la valeur \u00e0 notre entreprise, adopterons et vivrons nos valeurs; Pour ce faire, nous respectons les principes d&#8217;\u00e9galit\u00e9 des chances entre les personnes \u00e0 fort potentiel de d\u00e9veloppement et les connaissances et comp\u00e9tences requises par l&#8217;emploi.<br \/>\nNous savons que notre succ\u00e8s d\u00e9pend de la satisfaction du client et de la motivation de nos employ\u00e9s, et nous menons des \u00e9tudes et des activit\u00e9s pour maintenir ces crit\u00e8res au plus haut niveau.<br \/>\nAfin d&#8217;augmenter le d\u00e9veloppement personnel de nos employ\u00e9s, nous \u00e9valuons nos employ\u00e9s dans un syst\u00e8me qui prend l&#8217;\u00e9galit\u00e9 des chances. Dans cette \u00e9valuation; nous le faisons en tenant compte de crit\u00e8res tels que l&#8217;am\u00e9lioration de son profil personnel, la r\u00e9alisation de sa t\u00e2che et la discr\u00e9tion des sup\u00e9rieurs.<\/p>\n<p>Vous pouvez envoyer votre CV \u00e0 notre service des ressources humaines \u00e0 partir du formulaire ci-contre[\/vc_column_text][\/vc_column][vc_column width=&#8221;1\/3&#8243; css=&#8221;.vc_custom_1581318582781{background-color: #f2f2f2 !important;}&#8221;][vc_custom_heading text=&#8221;<strong>CV<\/strong> Forme&#8221; use_theme_fonts=&#8221;yes&#8221;]\n<div class=\"wpcf7 no-js\" id=\"wpcf7-f356-o3\" lang=\"tr-TR\" dir=\"ltr\">\n<div class=\"screen-reader-response\"><p role=\"status\" aria-live=\"polite\" aria-atomic=\"true\"><\/p> <ul><\/ul><\/div>\n<form action=\"\/fr\/wp-json\/wp\/v2\/pages\/11#wpcf7-f356-o3\" method=\"post\" class=\"wpcf7-form init\" aria-label=\"\u0130leti\u015fim Formu\" enctype=\"multipart\/form-data\" novalidate=\"novalidate\" data-status=\"init\">\n<div style=\"display: none;\">\n<input type=\"hidden\" name=\"_wpcf7\" value=\"356\" \/>\n<input type=\"hidden\" name=\"_wpcf7_version\" value=\"5.9.8\" \/>\n<input type=\"hidden\" name=\"_wpcf7_locale\" value=\"tr_TR\" \/>\n<input type=\"hidden\" name=\"_wpcf7_unit_tag\" value=\"wpcf7-f356-o3\" \/>\n<input type=\"hidden\" name=\"_wpcf7_container_post\" value=\"0\" \/>\n<input type=\"hidden\" name=\"_wpcf7_posted_data_hash\" value=\"\" \/>\n<\/div>\n<div class=\"row\">\n\t<div class=\"col-lg-12\">\n\t\t<p><i class=\"Simple-Line-Icons-user style=\"color:#777777\" text-color-light\"><\/i><span class=\"wpcf7-form-control-wrap\" data-name=\"your-name\"><input size=\"40\" maxlength=\"400\" class=\"wpcf7-form-control wpcf7-text wpcf7-validates-as-required custom-contact-input\" aria-required=\"true\" aria-invalid=\"false\" placeholder=\"Pr\u00e9nom \/ nom de famille *\" value=\"\" type=\"text\" name=\"your-name\" \/><\/span>\n\t\t<\/p>\n\t<\/div>\n\t<div class=\"col-lg-12\">\n\t\t<p><i class=\"Simple-Line-Icons-envelope style=\"color:#777777\" text-color-light\"><\/i><span class=\"wpcf7-form-control-wrap\" data-name=\"your-email\"><input size=\"40\" maxlength=\"400\" class=\"wpcf7-form-control wpcf7-email wpcf7-validates-as-required wpcf7-text wpcf7-validates-as-email custom-contact-input\" aria-required=\"true\" aria-invalid=\"false\" placeholder=\"Votre adresse e-mail *\" value=\"\" type=\"email\" name=\"your-email\" \/><\/span>\n\t\t<\/p>\n\t<\/div>\n<\/div>\n<div class=\"row\">\n\t<div class=\"col-lg-12\">\n\t\t<p><i class=\"Simple-Line-Icons-call-out style=\"color:#777777\" icons text-color-light\"><\/i><span class=\"wpcf7-form-control-wrap\" data-name=\"your-phone\"><input size=\"40\" maxlength=\"400\" class=\"wpcf7-form-control wpcf7-text wpcf7-validates-as-required custom-contact-input\" aria-required=\"true\" aria-invalid=\"false\" placeholder=\"Ton num\u00e9ro de t\u00e9l\u00e9phone *\" value=\"\" type=\"text\" name=\"your-phone\" \/><\/span>\n\t\t<\/p>\n\t<\/div>\n<\/div>\n<div class=\"row\">\n\t<div class=\"col-lg-12\">\n\t\t<p><i class=\"Simple-Line-Icons-bubble style=\"color:#777777\" icons text-color-light\"><\/i><span class=\"wpcf7-form-control-wrap\" data-name=\"txt-msg\"><textarea cols=\"40\" rows=\"10\" maxlength=\"2000\" class=\"wpcf7-form-control wpcf7-textarea wpcf7-validates-as-required custom-contact-input\" aria-required=\"true\" aria-invalid=\"false\" placeholder=\"Votre message.. *\" name=\"txt-msg\"><\/textarea><\/span>\n\t\t<\/p>\n\t<\/div>\n<\/div>\n<div class=\"row\">\n\t<div class=\"col-lg-12\">\n\t\t<p style=\"color:#777777;\">Votre fichier CV *\n\t\t<\/p>\n\t\t<p><span class=\"wpcf7-form-control-wrap\" data-name=\"dosyacv\"><input size=\"40\" class=\"wpcf7-form-control wpcf7-file wpcf7-validates-as-required custom-contact-input\" accept=\".pdf,.doc,.docx\" aria-required=\"true\" aria-invalid=\"false\" type=\"file\" name=\"dosyacv\" \/><\/span>\n\t\t<\/p>\n\t<\/div>\n<\/div>\n<div class=\"row center\">\n\t<div class=\"col-lg-12\">\n\t\t<p><input class=\"wpcf7-form-control wpcf7-submit has-spinner custom-btn-style-4\" type=\"submit\" value=\"Envoyez votre CV\" \/>\n\t\t<\/p>\n\t<\/div>\n<\/div>\n<style>\n.wpcf7-form > .row > *{ margin-bottom: 25px; }\n.wpcf7-form i{ position: absolute; top: 10px; }\n.wpcf7-form-control.custom-contact-input {\n width: 100%;\n background: none;\n border: 0px;\n border-bottom: 1px solid rgba(228, 228, 228);\n box-shadow: none;\n padding: 10px 10px 10px 30px;\n color: #000;\n -webkit-appearance: none;\n -moz-appearance: none;\n -ms-appearance: none;\n -o-appearance: none;\n appearance: none;\n}\n.custom-select-style:after {\n content: '';\n display: block;\n position: absolute;\n top: 50%;\n right: 25px;\n width: 10px;\n height: 10px;\n border-right: 1px solid #777777;\n border-bottom: 1px solid #777777;\n z-index: 0;\n -webkit-transform: translateY(-50%) rotate(45deg);\n -moz-transform: translateY(-50%) rotate(45deg);\n -ms-transform: translateY(-50%) rotate(45deg);\n -o-transform: translateY(-50%) rotate(45deg);\n transform: translateY(-50%) rotate(45deg);\n}\nselect.custom-contact-input option { color: #777777; }\n.wpcf7-submit.custom-btn-style-4 {\n background: transparent !important;\n color: #777777;\n font-weight: 900 !important;\n border: 2px solid #777777 !important;\n padding: 10px 20px !important;\n font-size: 14px;\n border-radius: 0px !important;\n}\n.wpcf7-submit.custom-btn-style-4:hover {\n background: #777777 !important;\n color: #fff !important;\n}\n::-webkit-input-placeholder { color: #777777; }\n::-moz-placeholder { color: #777777; }\n:-ms-input-placeholder { color: #777777; }\n:-moz-placeholder{ color: #777777; }\n@media(max-width: 991px){\n\t.wpcf7-form > .row > *{ margin-bottom: 15px; }\n\t.wpcf7-form .row.center{ margin-top: 10px; }\n}\n<\/style><div class=\"wpcf7-response-output\" aria-hidden=\"true\"><\/div>\n<\/form>\n<\/div>\n[\/vc_column][\/vc_row]<\/p>\n<\/div>","protected":false},"excerpt":{"rendered":"<p>[vc_row full_width=&#8221;stretch_row_content_no_spaces&#8221;][vc_column][vc_single_image image=&#8221;49&#8243; img_size=&#8221;full&#8221;][\/vc_column][\/vc_row][vc_row][vc_column width=&#8221;2\/3&#8243;][vc_custom_heading text=&#8221;Les ressources humaines&#8221; use_theme_fonts=&#8221;yes&#8221;][vc_column_text] Nous avons pens\u00e9 une carri\u00e8re pour vous. OCO GROUP vise \u00e0 inclure des personnes talentueuses conform\u00e9ment \u00e0 l&#8217;objectif et \u00e0 la culture de l&#8217;entreprise afin d&#8217;atteindre ses objectifs de qualit\u00e9. Le service des ressources humaines \u00e9value toutes les candidatures et dirige les candidats poss\u00e9dant le CV [&hellip;]<\/p>\n","protected":false},"author":1,"featured_media":0,"parent":0,"menu_order":0,"comment_status":"closed","ping_status":"closed","template":"","meta":{"footnotes":""},"aioseo_notices":[],"_links":{"self":[{"href":"https:\/\/www.ocogroup.com.tr\/fr\/wp-json\/wp\/v2\/pages\/11"}],"collection":[{"href":"https:\/\/www.ocogroup.com.tr\/fr\/wp-json\/wp\/v2\/pages"}],"about":[{"href":"https:\/\/www.ocogroup.com.tr\/fr\/wp-json\/wp\/v2\/types\/page"}],"author":[{"embeddable":true,"href":"https:\/\/www.ocogroup.com.tr\/fr\/wp-json\/wp\/v2\/users\/1"}],"replies":[{"embeddable":true,"href":"https:\/\/www.ocogroup.com.tr\/fr\/wp-json\/wp\/v2\/comments?post=11"}],"version-history":[{"count":11,"href":"https:\/\/www.ocogroup.com.tr\/fr\/wp-json\/wp\/v2\/pages\/11\/revisions"}],"predecessor-version":[{"id":358,"href":"https:\/\/www.ocogroup.com.tr\/fr\/wp-json\/wp\/v2\/pages\/11\/revisions\/358"}],"wp:attachment":[{"href":"https:\/\/www.ocogroup.com.tr\/fr\/wp-json\/wp\/v2\/media?parent=11"}],"curies":[{"name":"wp","href":"https:\/\/api.w.org\/{rel}","templated":true}]}}